{"id":1016,"date":"2021-07-28T11:41:54","date_gmt":"2021-07-28T09:41:54","guid":{"rendered":"https:\/\/metaboliciq.com\/?post_type=product&#038;p=1016"},"modified":"2022-11-16T19:07:46","modified_gmt":"2022-11-16T18:07:46","slug":"typ-metaboliczny-a","status":"publish","type":"product","link":"https:\/\/metaboliciq.com\/en\/produkt\/typ-metaboliczny-a\/","title":{"rendered":"Metabolic Typ A"},"content":{"rendered":"","protected":false},"excerpt":{"rendered":"<p class=\"qtranxs-available-languages-message qtranxs-available-languages-message-en\">Sorry, this entry is only available in <a href=\"https:\/\/metaboliciq.com\/pl\/wp-json\/wp\/v2\/product\/1016\" class=\"qtranxs-available-language-link qtranxs-available-language-link-pl\" title=\"Pl\">Polish<\/a>.<\/p>\n<p>Gratulujemy wype\u0142nienia QUIZ&#8217;u. Zrobi\u0142e\u015b pierwszy, a mo\u017ce kolejny krok w kierunku pe\u0142ni zdrowia ! Jeste\u015b ma dobrej drodze aby przej\u0105\u0107 pe\u0142n\u0105 kontrol\u0119 nad w\u0142asnym cia\u0142em.Nabywaj\u0105c rozwi\u0105zanie QUIZ&#8217;u dowiesz si\u0119 jakie paliwo jest najlepsze dla Twojego organizmu.<\/p>\n<p>Wybieraj\u0105c w\u0142a\u015bciwe pokarmy zr\u00f3wnowa\u017cysz sw\u00f3j metabolizm. Ustabilizujesz poziom cukru we krwi, zregenerujesz organizm, odzyskasz si\u0142y witalne.<\/p>\n<p>Do dzie\u0142a ! Zr\u00f3b to teraz !<\/p>\n","protected":false},"featured_media":1043,"comment_status":"closed","ping_status":"closed","template":"","meta":[],"product_cat":[19],"product_tag":[],"yoast_head":"<!-- This site is optimized with the Yoast SEO plugin v19.0 - https:\/\/yoast.com\/wordpress\/plugins\/seo\/ -->\n<title>Metabolic Typ A - MetabolicIQ<\/title>\n<meta name=\"robots\" content=\"index, follow, max-snippet:-1, max-image-preview:large, max-video-preview:-1\" \/>\n<link rel=\"canonical\" href=\"https:\/\/metaboliciq.com\/en\/produkt\/typ-metaboliczny-a\/\" \/>\n<meta property=\"og:locale\" content=\"en_US\" \/>\n<meta property=\"og:type\" content=\"article\" \/>\n<meta property=\"og:title\" content=\"Metabolic Typ A - MetabolicIQ\" \/>\n<meta property=\"og:description\" content=\"(Pl) Gratulujemy wype\u0142nienia QUIZ&#039;u. Zrobi\u0142e\u015b pierwszy, a mo\u017ce kolejny krok w kierunku pe\u0142ni zdrowia ! Jeste\u015b ma dobrej drodze aby przej\u0105\u0107 pe\u0142n\u0105 kontrol\u0119 nad w\u0142asnym cia\u0142em.Nabywaj\u0105c rozwi\u0105zanie QUIZ&#039;u dowiesz si\u0119 jakie paliwo jest najlepsze dla Twojego organizmu.  Wybieraj\u0105c w\u0142a\u015bciwe pokarmy zr\u00f3wnowa\u017cysz sw\u00f3j metabolizm. Ustabilizujesz poziom cukru we krwi, zregenerujesz organizm, odzyskasz si\u0142y witalne.  Do dzie\u0142a ! Zr\u00f3b to teraz !\" \/>\n<meta property=\"og:url\" content=\"https:\/\/metaboliciq.com\/produkt\/typ-metaboliczny-a\/\" \/>\n<meta property=\"og:site_name\" content=\"MetabolicIQ\" \/>\n<meta property=\"article:modified_time\" content=\"2022-11-16T18:07:46+00:00\" \/>\n<meta property=\"og:image\" content=\"https:\/\/metaboliciq.com\/wp-content\/uploads\/2021\/07\/typA.png\" \/>\n\t<meta property=\"og:image:width\" content=\"603\" \/>\n\t<meta property=\"og:image:height\" content=\"863\" \/>\n\t<meta property=\"og:image:type\" content=\"image\/png\" \/>\n<meta name=\"twitter:card\" content=\"summary\" \/>\n<script type=\"application\/ld+json\" class=\"yoast-schema-graph\">{\"@context\":\"https:\/\/schema.org\",\"@graph\":[{\"@type\":\"WebSite\",\"@id\":\"https:\/\/metaboliciq.com\/#website\",\"url\":\"https:\/\/metaboliciq.com\/\",\"name\":\"MetabolicIQ\",\"description\":\"\",\"potentialAction\":[{\"@type\":\"SearchAction\",\"target\":{\"@type\":\"EntryPoint\",\"urlTemplate\":\"https:\/\/metaboliciq.com\/?s={search_term_string}\"},\"query-input\":\"required name=search_term_string\"}],\"inLanguage\":\"en-US\"},{\"@type\":\"ImageObject\",\"inLanguage\":\"en-US\",\"@id\":\"https:\/\/metaboliciq.com\/produkt\/typ-metaboliczny-a\/#primaryimage\",\"url\":\"https:\/\/metaboliciq.com\/wp-content\/uploads\/2021\/07\/typA.png\",\"contentUrl\":\"https:\/\/metaboliciq.com\/wp-content\/uploads\/2021\/07\/typA.png\",\"width\":603,\"height\":863},{\"@type\":\"WebPage\",\"@id\":\"https:\/\/metaboliciq.com\/produkt\/typ-metaboliczny-a\/#webpage\",\"url\":\"https:\/\/metaboliciq.com\/produkt\/typ-metaboliczny-a\/\",\"name\":\"Metabolic Typ A - MetabolicIQ\",\"isPartOf\":{\"@id\":\"https:\/\/metaboliciq.com\/#website\"},\"primaryImageOfPage\":{\"@id\":\"https:\/\/metaboliciq.com\/produkt\/typ-metaboliczny-a\/#primaryimage\"},\"datePublished\":\"2021-07-28T09:41:54+00:00\",\"dateModified\":\"2022-11-16T18:07:46+00:00\",\"breadcrumb\":{\"@id\":\"https:\/\/metaboliciq.com\/produkt\/typ-metaboliczny-a\/#breadcrumb\"},\"inLanguage\":\"en-US\",\"potentialAction\":[{\"@type\":\"ReadAction\",\"target\":[\"https:\/\/metaboliciq.com\/produkt\/typ-metaboliczny-a\/\"]}]},{\"@type\":\"BreadcrumbList\",\"@id\":\"https:\/\/metaboliciq.com\/produkt\/typ-metaboliczny-a\/#breadcrumb\",\"itemListElement\":[{\"@type\":\"ListItem\",\"position\":1,\"name\":\"Strona g\u0142\u00f3wna\",\"item\":\"https:\/\/metaboliciq.com\/\"},{\"@type\":\"ListItem\",\"position\":2,\"name\":\"Metabolic Typ A\"}]}]}<\/script>\n<!-- \/ Yoast SEO plugin. -->","yoast_head_json":{"title":"Metabolic Typ A - MetabolicIQ","robots":{"index":"index","follow":"follow","max-snippet":"max-snippet:-1","max-image-preview":"max-image-preview:large","max-video-preview":"max-video-preview:-1"},"canonical":"https:\/\/metaboliciq.com\/en\/produkt\/typ-metaboliczny-a\/","og_locale":"en_US","og_type":"article","og_title":"Metabolic Typ A - MetabolicIQ","og_description":"(Pl) Gratulujemy wype\u0142nienia QUIZ'u. Zrobi\u0142e\u015b pierwszy, a mo\u017ce kolejny krok w kierunku pe\u0142ni zdrowia ! Jeste\u015b ma dobrej drodze aby przej\u0105\u0107 pe\u0142n\u0105 kontrol\u0119 nad w\u0142asnym cia\u0142em.Nabywaj\u0105c rozwi\u0105zanie QUIZ'u dowiesz si\u0119 jakie paliwo jest najlepsze dla Twojego organizmu.  Wybieraj\u0105c w\u0142a\u015bciwe pokarmy zr\u00f3wnowa\u017cysz sw\u00f3j metabolizm. Ustabilizujesz poziom cukru we krwi, zregenerujesz organizm, odzyskasz si\u0142y witalne.  Do dzie\u0142a ! Zr\u00f3b to teraz !","og_url":"https:\/\/metaboliciq.com\/produkt\/typ-metaboliczny-a\/","og_site_name":"MetabolicIQ","article_modified_time":"2022-11-16T18:07:46+00:00","og_image":[{"width":603,"height":863,"url":"https:\/\/metaboliciq.com\/wp-content\/uploads\/2021\/07\/typA.png","type":"image\/png"}],"twitter_card":"summary","schema":{"@context":"https:\/\/schema.org","@graph":[{"@type":"WebSite","@id":"https:\/\/metaboliciq.com\/#website","url":"https:\/\/metaboliciq.com\/","name":"MetabolicIQ","description":"","potentialAction":[{"@type":"SearchAction","target":{"@type":"EntryPoint","urlTemplate":"https:\/\/metaboliciq.com\/?s={search_term_string}"},"query-input":"required name=search_term_string"}],"inLanguage":"en-US"},{"@type":"ImageObject","inLanguage":"en-US","@id":"https:\/\/metaboliciq.com\/produkt\/typ-metaboliczny-a\/#primaryimage","url":"https:\/\/metaboliciq.com\/wp-content\/uploads\/2021\/07\/typA.png","contentUrl":"https:\/\/metaboliciq.com\/wp-content\/uploads\/2021\/07\/typA.png","width":603,"height":863},{"@type":"WebPage","@id":"https:\/\/metaboliciq.com\/produkt\/typ-metaboliczny-a\/#webpage","url":"https:\/\/metaboliciq.com\/produkt\/typ-metaboliczny-a\/","name":"Metabolic Typ A - MetabolicIQ","isPartOf":{"@id":"https:\/\/metaboliciq.com\/#website"},"primaryImageOfPage":{"@id":"https:\/\/metaboliciq.com\/produkt\/typ-metaboliczny-a\/#primaryimage"},"datePublished":"2021-07-28T09:41:54+00:00","dateModified":"2022-11-16T18:07:46+00:00","breadcrumb":{"@id":"https:\/\/metaboliciq.com\/produkt\/typ-metaboliczny-a\/#breadcrumb"},"inLanguage":"en-US","potentialAction":[{"@type":"ReadAction","target":["https:\/\/metaboliciq.com\/produkt\/typ-metaboliczny-a\/"]}]},{"@type":"BreadcrumbList","@id":"https:\/\/metaboliciq.com\/produkt\/typ-metaboliczny-a\/#breadcrumb","itemListElement":[{"@type":"ListItem","position":1,"name":"Strona g\u0142\u00f3wna","item":"https:\/\/metaboliciq.com\/"},{"@type":"ListItem","position":2,"name":"Metabolic Typ A"}]}]}},"_links":{"self":[{"href":"https:\/\/metaboliciq.com\/en\/wp-json\/wp\/v2\/product\/1016"}],"collection":[{"href":"https:\/\/metaboliciq.com\/en\/wp-json\/wp\/v2\/product"}],"about":[{"href":"https:\/\/metaboliciq.com\/en\/wp-json\/wp\/v2\/types\/product"}],"replies":[{"embeddable":true,"href":"https:\/\/metaboliciq.com\/en\/wp-json\/wp\/v2\/comments?post=1016"}],"wp:featuredmedia":[{"embeddable":true,"href":"https:\/\/metaboliciq.com\/en\/wp-json\/wp\/v2\/media\/1043"}],"wp:attachment":[{"href":"https:\/\/metaboliciq.com\/en\/wp-json\/wp\/v2\/media?parent=1016"}],"wp:term":[{"taxonomy":"product_cat","embeddable":true,"href":"https:\/\/metaboliciq.com\/en\/wp-json\/wp\/v2\/product_cat?post=1016"},{"taxonomy":"product_tag","embeddable":true,"href":"https:\/\/metaboliciq.com\/en\/wp-json\/wp\/v2\/product_tag?post=1016"}],"curies":[{"name":"wp","href":"https:\/\/api.w.org\/{rel}","templated":true}]}}